{"id":2129,"date":"2018-12-21T06:29:53","date_gmt":"2018-12-21T06:29:53","guid":{"rendered":"https:\/\/entergame.ro\/contact-me\/"},"modified":"2024-06-04T08:18:23","modified_gmt":"2024-06-04T08:18:23","slug":"contact-me","status":"publish","type":"page","link":"https:\/\/entergame.ro\/toboganegonflabile\/contact-me\/","title":{"rendered":"Contact"},"content":{"rendered":"\t\t<div data-elementor-type=\"wp-post\" data-elementor-id=\"2129\" class=\"elementor elementor-2129\">\n\t\t\t\t\t\t\t\t\t<section class=\"elementor-section elementor-top-section elementor-element elementor-element-b3bc30f elementor-section-height-min-height elementor-section-content-middle elementor-section-boxed elementor-section-height-default elementor-section-items-middle\" data-id=\"b3bc30f\" data-element_type=\"section\" data-settings=\"{&quot;background_background&quot;:&quot;classic&quot;,&quot;shape_divider_bottom&quot;:&quot;waves&quot;}\">\n\t\t\t\t\t\t\t<div class=\"elementor-background-overlay\"><\/div>\n\t\t\t\t\t\t<div class=\"elementor-shape elementor-shape-bottom\" data-negative=\"false\">\n\t\t\t<svg xmlns=\"http:\/\/www.w3.org\/2000\/svg\" viewBox=\"0 0 1000 100\" preserveAspectRatio=\"none\">\n\t<path class=\"elementor-shape-fill\" d=\"M421.9,6.5c22.6-2.5,51.5,0.4,75.5,5.3c23.6,4.9,70.9,23.5,100.5,35.7c75.8,32.2,133.7,44.5,192.6,49.7\n\tc23.6,2.1,48.7,3.5,103.4-2.5c54.7-6,106.2-25.6,106.2-25.6V0H0v30.3c0,0,72,32.6,158.4,30.5c39.2-0.7,92.8-6.7,134-22.4\n\tc21.2-8.1,52.2-18.2,79.7-24.2C399.3,7.9,411.6,7.5,421.9,6.5z\"\/>\n<\/svg>\t\t<\/div>\n\t\t\t\t\t<div class=\"elementor-container elementor-column-gap-default\">\n\t\t\t\t\t<div class=\"elementor-column elementor-col-50 elementor-top-column elementor-element elementor-element-d8b5507\" data-id=\"d8b5507\" data-element_type=\"column\">\n\t\t\t<div class=\"elementor-widget-wrap elementor-element-populated\">\n\t\t\t\t\t\t\t\t<div class=\"elementor-element elementor-element-e09c56f elementor-widget elementor-widget-heading\" data-id=\"e09c56f\" data-element_type=\"widget\" data-widget_type=\"heading.default\">\n\t\t\t\t<div class=\"elementor-widget-container\">\n\t\t\t<h5 class=\"elementor-heading-title elementor-size-default\">Contact<\/h5>\t\t<\/div>\n\t\t\t\t<\/div>\n\t\t\t\t<div class=\"elementor-element elementor-element-30c217e elementor-widget elementor-widget-heading\" data-id=\"30c217e\" data-element_type=\"widget\" data-widget_type=\"heading.default\">\n\t\t\t\t<div class=\"elementor-widget-container\">\n\t\t\t<h2 class=\"elementor-heading-title elementor-size-default\">Entergame Events<\/h2>\t\t<\/div>\n\t\t\t\t<\/div>\n\t\t\t\t\t<\/div>\n\t\t<\/div>\n\t\t\t\t<div class=\"elementor-column elementor-col-50 elementor-top-column elementor-element elementor-element-74f29d8\" data-id=\"74f29d8\" data-element_type=\"column\">\n\t\t\t<div class=\"elementor-widget-wrap\">\n\t\t\t\t\t\t\t\t\t<\/div>\n\t\t<\/div>\n\t\t\t\t\t\t\t<\/div>\n\t\t<\/section>\n\t\t\t\t<section class=\"elementor-section elementor-top-section elementor-element elementor-element-1739410 elementor-section-boxed elementor-section-height-default elementor-section-height-default\" data-id=\"1739410\" data-element_type=\"section\">\n\t\t\t\t\t\t<div class=\"elementor-container elementor-column-gap-default\">\n\t\t\t\t\t<div class=\"elementor-column elementor-col-50 elementor-top-column elementor-element elementor-element-d039cac\" data-id=\"d039cac\" data-element_type=\"column\">\n\t\t\t<div class=\"elementor-widget-wrap elementor-element-populated\">\n\t\t\t\t\t\t\t\t<div class=\"elementor-element elementor-element-2818126 elementor-widget elementor-widget-testimonial\" data-id=\"2818126\" data-element_type=\"widget\" data-widget_type=\"testimonial.default\">\n\t\t\t\t<div class=\"elementor-widget-container\">\n\t\t\t\t\t<div class=\"elementor-testimonial-wrapper\">\n\t\t\t\t\t\t\t<div class=\"elementor-testimonial-content\">\u00cempreun\u0103 cu echipa mea, suntem al\u0103turi de tine<\/div>\n\t\t\t\n\t\t\t\t\t<\/div>\n\t\t\t\t<\/div>\n\t\t\t\t<\/div>\n\t\t\t\t<div class=\"elementor-element elementor-element-385632a elementor-position-left elementor-vertical-align-middle elementor-view-default elementor-mobile-position-top elementor-widget elementor-widget-icon-box\" data-id=\"385632a\" data-element_type=\"widget\" data-widget_type=\"icon-box.default\">\n\t\t\t\t<div class=\"elementor-widget-container\">\n\t\t\t\t\t<div class=\"elementor-icon-box-wrapper\">\n\t\t\t\t\t\t<div class=\"elementor-icon-box-icon\">\n\t\t\t\t<span  class=\"elementor-icon elementor-animation-\">\n\t\t\t\t<i aria-hidden=\"true\" class=\"fas fa-phone-alt\"><\/i>\t\t\t\t<\/span>\n\t\t\t<\/div>\n\t\t\t\t\t\t<div class=\"elementor-icon-box-content\">\n\t\t\t\t<h4 class=\"elementor-icon-box-title\">\n\t\t\t\t\t<span  >\n\t\t\t\t\t\t0770813396\t\t\t\t\t<\/span>\n\t\t\t\t<\/h4>\n\t\t\t\t\t\t\t<\/div>\n\t\t<\/div>\n\t\t\t\t<\/div>\n\t\t\t\t<\/div>\n\t\t\t\t<div class=\"elementor-element elementor-element-98e1684 elementor-position-left elementor-vertical-align-middle elementor-view-default elementor-mobile-position-top elementor-widget elementor-widget-icon-box\" data-id=\"98e1684\" data-element_type=\"widget\" data-widget_type=\"icon-box.default\">\n\t\t\t\t<div class=\"elementor-widget-container\">\n\t\t\t\t\t<div class=\"elementor-icon-box-wrapper\">\n\t\t\t\t\t\t<div class=\"elementor-icon-box-icon\">\n\t\t\t\t<span  class=\"elementor-icon elementor-animation-\">\n\t\t\t\t<i aria-hidden=\"true\" class=\"fas fa-home\"><\/i>\t\t\t\t<\/span>\n\t\t\t<\/div>\n\t\t\t\t\t\t<div class=\"elementor-icon-box-content\">\n\t\t\t\t<h4 class=\"elementor-icon-box-title\">\n\t\t\t\t\t<span  >\n\t\t\t\t\t\tSediul firmei: Jdioara nr.267 Criciova\t\t\t\t\t<\/span>\n\t\t\t\t<\/h4>\n\t\t\t\t\t\t\t<\/div>\n\t\t<\/div>\n\t\t\t\t<\/div>\n\t\t\t\t<\/div>\n\t\t\t\t<div class=\"elementor-element elementor-element-cfcaf2b elementor-shape-circle e-grid-align-left e-grid-align-mobile-center elementor-grid-0 elementor-widget elementor-widget-social-icons\" data-id=\"cfcaf2b\" data-element_type=\"widget\" data-widget_type=\"social-icons.default\">\n\t\t\t\t<div class=\"elementor-widget-container\">\n\t\t\t\t\t<div class=\"elementor-social-icons-wrapper elementor-grid\">\n\t\t\t\t\t\t\t<span class=\"elementor-grid-item\">\n\t\t\t\t\t<a class=\"elementor-icon elementor-social-icon elementor-social-icon-facebook-f elementor-repeater-item-b506730\" href=\"https:\/\/www.facebook.com\/EnterGameEvents\/\" target=\"_blank\">\n\t\t\t\t\t\t<span class=\"elementor-screen-only\">Facebook-f<\/span>\n\t\t\t\t\t\t<i class=\"fab fa-facebook-f\"><\/i>\t\t\t\t\t<\/a>\n\t\t\t\t<\/span>\n\t\t\t\t\t\t\t<span class=\"elementor-grid-item\">\n\t\t\t\t\t<a class=\"elementor-icon elementor-social-icon elementor-social-icon-instagram elementor-repeater-item-195b3df\" href=\"https:\/\/www.instagram.com\/entergame_events\/\" target=\"_blank\">\n\t\t\t\t\t\t<span class=\"elementor-screen-only\">Instagram<\/span>\n\t\t\t\t\t\t<i class=\"fab fa-instagram\"><\/i>\t\t\t\t\t<\/a>\n\t\t\t\t<\/span>\n\t\t\t\t\t\t\t<span class=\"elementor-grid-item\">\n\t\t\t\t\t<a class=\"elementor-icon elementor-social-icon elementor-social-icon-youtube elementor-repeater-item-c680438\" href=\"https:\/\/www.youtube.com\/channel\/UCedHJ5hz05uWTt5ivwhW8Ew\" target=\"_blank\">\n\t\t\t\t\t\t<span class=\"elementor-screen-only\">Youtube<\/span>\n\t\t\t\t\t\t<i class=\"fab fa-youtube\"><\/i>\t\t\t\t\t<\/a>\n\t\t\t\t<\/span>\n\t\t\t\t\t<\/div>\n\t\t\t\t<\/div>\n\t\t\t\t<\/div>\n\t\t\t\t\t<\/div>\n\t\t<\/div>\n\t\t\t\t<div class=\"elementor-column elementor-col-50 elementor-top-column elementor-element elementor-element-42a543b\" data-id=\"42a543b\" data-element_type=\"column\" data-settings=\"{&quot;background_background&quot;:&quot;classic&quot;}\">\n\t\t\t<div class=\"elementor-widget-wrap elementor-element-populated\">\n\t\t\t\t\t<div class=\"elementor-background-overlay\"><\/div>\n\t\t\t\t\t\t\t\t<div class=\"elementor-element elementor-element-8a222f3 elementor-widget elementor-widget-testimonial\" data-id=\"8a222f3\" data-element_type=\"widget\" data-widget_type=\"testimonial.default\">\n\t\t\t\t<div class=\"elementor-widget-container\">\n\t\t\t\t\t<div class=\"elementor-testimonial-wrapper\">\n\t\t\t\t\t\t\t<div class=\"elementor-testimonial-content\">Completeaz\u0103 c\u00e2mpurile<\/div>\n\t\t\t\n\t\t\t\t\t<\/div>\n\t\t\t\t<\/div>\n\t\t\t\t<\/div>\n\t\t\t\t<div class=\"elementor-element elementor-element-b8117c7 elementor-widget elementor-widget-shortcode\" data-id=\"b8117c7\" data-element_type=\"widget\" data-widget_type=\"shortcode.default\">\n\t\t\t\t<div class=\"elementor-widget-container\">\n\t\t\t\t\t<div class=\"elementor-shortcode\">\n<div class=\"wpcf7 no-js\" id=\"wpcf7-f2174-o1\" lang=\"en-US\" dir=\"ltr\">\n<div class=\"screen-reader-response\"><p role=\"status\" aria-live=\"polite\" aria-atomic=\"true\"><\/p> <ul><\/ul><\/div>\n<form action=\"\/toboganegonflabile\/wp-json\/wp\/v2\/pages\/2129#wpcf7-f2174-o1\" method=\"post\" class=\"wpcf7-form init\" aria-label=\"Contact form\" novalidate=\"novalidate\" data-status=\"init\">\n<div style=\"display: none;\">\n<input type=\"hidden\" name=\"_wpcf7\" value=\"2174\" \/>\n<input type=\"hidden\" name=\"_wpcf7_version\" value=\"5.8.2\" \/>\n<input type=\"hidden\" name=\"_wpcf7_locale\" value=\"en_US\" \/>\n<input type=\"hidden\" name=\"_wpcf7_unit_tag\" value=\"wpcf7-f2174-o1\" \/>\n<input type=\"hidden\" name=\"_wpcf7_container_post\" value=\"0\" \/>\n<input type=\"hidden\" name=\"_wpcf7_posted_data_hash\" value=\"\" \/>\n<\/div>\n<p><label> Nume (necesar)<br \/>\n<span class=\"wpcf7-form-control-wrap\" data-name=\"your-name\"><input size=\"40\" class=\"wpcf7-form-control wpcf7-text wpcf7-validates-as-required\" aria-required=\"true\" aria-invalid=\"false\" value=\"\" type=\"text\" name=\"your-name\" \/><\/span> <\/label>\n<\/p>\n<p><label> Email (necesar)<br \/>\n<span class=\"wpcf7-form-control-wrap\" data-name=\"your-email\"><input size=\"40\" class=\"wpcf7-form-control wpcf7-email wpcf7-validates-as-required wpcf7-text wpcf7-validates-as-email\" aria-required=\"true\" aria-invalid=\"false\" value=\"\" type=\"email\" name=\"your-email\" \/><\/span> <\/label>\n<\/p>\n<p><label> Ce produs\/serviciu v\u0103 intereseaz\u0103?<br \/>\n<span class=\"wpcf7-form-control-wrap\" data-name=\"your-subject\"><input size=\"40\" class=\"wpcf7-form-control wpcf7-text\" aria-invalid=\"false\" value=\"\" type=\"text\" name=\"your-subject\" \/><\/span> <\/label>\n<\/p>\n<p><label> Mesaj<br \/>\n<span class=\"wpcf7-form-control-wrap\" data-name=\"your-message\"><textarea cols=\"40\" rows=\"10\" class=\"wpcf7-form-control wpcf7-textarea\" aria-invalid=\"false\" name=\"your-message\"><\/textarea><\/span> <\/label>\n<\/p>\n<p><input class=\"wpcf7-form-control wpcf7-submit has-spinner\" type=\"submit\" value=\"Trimite\" \/>\n<\/p><p style=\"display: none !important;\" class=\"akismet-fields-container\" data-prefix=\"_wpcf7_ak_\"><label>&#916;<textarea name=\"_wpcf7_ak_hp_textarea\" cols=\"45\" rows=\"8\" maxlength=\"100\"><\/textarea><\/label><input type=\"hidden\" id=\"ak_js_1\" name=\"_wpcf7_ak_js\" value=\"142\"\/><script>document.getElementById( \"ak_js_1\" ).setAttribute( \"value\", ( new Date() ).getTime() );<\/script><\/p><div class=\"wpcf7-response-output\" aria-hidden=\"true\"><\/div>\n<\/form>\n<\/div>\n<\/div>\n\t\t\t\t<\/div>\n\t\t\t\t<\/div>\n\t\t\t\t\t<\/div>\n\t\t<\/div>\n\t\t\t\t\t\t\t<\/div>\n\t\t<\/section>\n\t\t\t\t\t\t\t<\/div>\n\t\t","protected":false},"excerpt":{"rendered":"<p>Contact Entergame Events \u00cempreun\u0103 cu echipa mea, suntem al\u0103turi de tine 0770813396 Sediul firmei: Jdioara nr.267 Criciova Facebook-f Instagram Youtube Completeaz\u0103 c\u00e2mpurile<\/p>\n","protected":false},"author":1,"featured_media":0,"parent":0,"menu_order":0,"comment_status":"closed","ping_status":"closed","template":"","meta":{"_uag_custom_page_level_css":"","_mi_skip_tracking":false,"_monsterinsights_sitenote_active":false,"_monsterinsights_sitenote_note":"","_monsterinsights_sitenote_category":0,"site-sidebar-layout":"no-sidebar","site-content-layout":"page-builder","ast-global-header-display":"","ast-main-header-display":"","ast-hfb-above-header-display":"","ast-hfb-below-header-display":"","ast-hfb-mobile-header-display":"","site-post-title":"disabled","ast-breadcrumbs-content":"","ast-featured-img":"disabled","footer-sml-layout":"","theme-transparent-header-meta":"disabled","adv-header-id-meta":"","stick-header-meta":"","header-above-stick-meta":"","header-main-stick-meta":"","header-below-stick-meta":"","footnotes":""},"class_list":["post-2129","page","type-page","status-publish","hentry"],"yoast_head":"<!-- This site is optimized with the Yoast SEO plugin v21.4 - https:\/\/yoast.com\/wordpress\/plugins\/seo\/ -->\n<title>Contact - EnterGame Events<\/title>\n<meta name=\"robots\" content=\"index, follow, max-snippet:-1, max-image-preview:large, max-video-preview:-1\" \/>\n<link rel=\"canonical\" href=\"https:\/\/entergame.ro\/toboganegonflabile\/contact-me\/\" \/>\n<meta property=\"og:locale\" content=\"en_US\" \/>\n<meta property=\"og:type\" content=\"article\" \/>\n<meta property=\"og:title\" content=\"Contact - EnterGame Events\" \/>\n<meta property=\"og:description\" content=\"Contact Entergame Events \u00cempreun\u0103 cu echipa mea, suntem al\u0103turi de tine 0770813396 Sediul firmei: Jdioara nr.267 Criciova Facebook-f Instagram Youtube Completeaz\u0103 c\u00e2mpurile\" \/>\n<meta property=\"og:url\" content=\"https:\/\/entergame.ro\/toboganegonflabile\/contact-me\/\" \/>\n<meta property=\"og:site_name\" content=\"EnterGame Events\" \/>\n<meta property=\"article:modified_time\" content=\"2024-06-04T08:18:23+00:00\" \/>\n<meta name=\"twitter:card\" content=\"summary_large_image\" \/>\n<meta name=\"twitter:label1\" content=\"Est. reading time\" \/>\n\t<meta name=\"twitter:data1\" content=\"1 minute\" \/>\n<script type=\"application\/ld+json\" class=\"yoast-schema-graph\">{\"@context\":\"https:\/\/schema.org\",\"@graph\":[{\"@type\":\"WebPage\",\"@id\":\"https:\/\/entergame.ro\/toboganegonflabile\/contact-me\/\",\"url\":\"https:\/\/entergame.ro\/toboganegonflabile\/contact-me\/\",\"name\":\"Contact - EnterGame Events\",\"isPartOf\":{\"@id\":\"https:\/\/entergame.ro\/toboganegonflabile\/#website\"},\"datePublished\":\"2018-12-21T06:29:53+00:00\",\"dateModified\":\"2024-06-04T08:18:23+00:00\",\"breadcrumb\":{\"@id\":\"https:\/\/entergame.ro\/toboganegonflabile\/contact-me\/#breadcrumb\"},\"inLanguage\":\"en-US\",\"potentialAction\":[{\"@type\":\"ReadAction\",\"target\":[\"https:\/\/entergame.ro\/toboganegonflabile\/contact-me\/\"]}]},{\"@type\":\"BreadcrumbList\",\"@id\":\"https:\/\/entergame.ro\/toboganegonflabile\/contact-me\/#breadcrumb\",\"itemListElement\":[{\"@type\":\"ListItem\",\"position\":1,\"name\":\"Home\",\"item\":\"https:\/\/entergame.ro\/toboganegonflabile\/\"},{\"@type\":\"ListItem\",\"position\":2,\"name\":\"Contact\"}]},{\"@type\":\"WebSite\",\"@id\":\"https:\/\/entergame.ro\/toboganegonflabile\/#website\",\"url\":\"https:\/\/entergame.ro\/toboganegonflabile\/\",\"name\":\"EnterGame Events\",\"description\":\"educa\u021bie \u0219i distac\u021bie\",\"publisher\":{\"@id\":\"https:\/\/entergame.ro\/toboganegonflabile\/#organization\"},\"potentialAction\":[{\"@type\":\"SearchAction\",\"target\":{\"@type\":\"EntryPoint\",\"urlTemplate\":\"https:\/\/entergame.ro\/toboganegonflabile\/?s={search_term_string}\"},\"query-input\":\"required name=search_term_string\"}],\"inLanguage\":\"en-US\"},{\"@type\":\"Organization\",\"@id\":\"https:\/\/entergame.ro\/toboganegonflabile\/#organization\",\"name\":\"EnterGame Events\",\"url\":\"https:\/\/entergame.ro\/toboganegonflabile\/\",\"logo\":{\"@type\":\"ImageObject\",\"inLanguage\":\"en-US\",\"@id\":\"https:\/\/entergame.ro\/toboganegonflabile\/#\/schema\/logo\/image\/\",\"url\":\"https:\/\/entergame.ro\/wp-content\/uploads\/2021\/03\/64750999_459569894819848_2812807303722434560_n.png\",\"contentUrl\":\"https:\/\/entergame.ro\/wp-content\/uploads\/2021\/03\/64750999_459569894819848_2812807303722434560_n.png\",\"width\":4096,\"height\":4096,\"caption\":\"EnterGame Events\"},\"image\":{\"@id\":\"https:\/\/entergame.ro\/toboganegonflabile\/#\/schema\/logo\/image\/\"}}]}<\/script>\n<!-- \/ Yoast SEO plugin. -->","yoast_head_json":{"title":"Contact - EnterGame Events","robots":{"index":"index","follow":"follow","max-snippet":"max-snippet:-1","max-image-preview":"max-image-preview:large","max-video-preview":"max-video-preview:-1"},"canonical":"https:\/\/entergame.ro\/toboganegonflabile\/contact-me\/","og_locale":"en_US","og_type":"article","og_title":"Contact - EnterGame Events","og_description":"Contact Entergame Events \u00cempreun\u0103 cu echipa mea, suntem al\u0103turi de tine 0770813396 Sediul firmei: Jdioara nr.267 Criciova Facebook-f Instagram Youtube Completeaz\u0103 c\u00e2mpurile","og_url":"https:\/\/entergame.ro\/toboganegonflabile\/contact-me\/","og_site_name":"EnterGame Events","article_modified_time":"2024-06-04T08:18:23+00:00","twitter_card":"summary_large_image","twitter_misc":{"Est. reading time":"1 minute"},"schema":{"@context":"https:\/\/schema.org","@graph":[{"@type":"WebPage","@id":"https:\/\/entergame.ro\/toboganegonflabile\/contact-me\/","url":"https:\/\/entergame.ro\/toboganegonflabile\/contact-me\/","name":"Contact - EnterGame Events","isPartOf":{"@id":"https:\/\/entergame.ro\/toboganegonflabile\/#website"},"datePublished":"2018-12-21T06:29:53+00:00","dateModified":"2024-06-04T08:18:23+00:00","breadcrumb":{"@id":"https:\/\/entergame.ro\/toboganegonflabile\/contact-me\/#breadcrumb"},"inLanguage":"en-US","potentialAction":[{"@type":"ReadAction","target":["https:\/\/entergame.ro\/toboganegonflabile\/contact-me\/"]}]},{"@type":"BreadcrumbList","@id":"https:\/\/entergame.ro\/toboganegonflabile\/contact-me\/#breadcrumb","itemListElement":[{"@type":"ListItem","position":1,"name":"Home","item":"https:\/\/entergame.ro\/toboganegonflabile\/"},{"@type":"ListItem","position":2,"name":"Contact"}]},{"@type":"WebSite","@id":"https:\/\/entergame.ro\/toboganegonflabile\/#website","url":"https:\/\/entergame.ro\/toboganegonflabile\/","name":"EnterGame Events","description":"educa\u021bie \u0219i distac\u021bie","publisher":{"@id":"https:\/\/entergame.ro\/toboganegonflabile\/#organization"},"potentialAction":[{"@type":"SearchAction","target":{"@type":"EntryPoint","urlTemplate":"https:\/\/entergame.ro\/toboganegonflabile\/?s={search_term_string}"},"query-input":"required name=search_term_string"}],"inLanguage":"en-US"},{"@type":"Organization","@id":"https:\/\/entergame.ro\/toboganegonflabile\/#organization","name":"EnterGame Events","url":"https:\/\/entergame.ro\/toboganegonflabile\/","logo":{"@type":"ImageObject","inLanguage":"en-US","@id":"https:\/\/entergame.ro\/toboganegonflabile\/#\/schema\/logo\/image\/","url":"https:\/\/entergame.ro\/wp-content\/uploads\/2021\/03\/64750999_459569894819848_2812807303722434560_n.png","contentUrl":"https:\/\/entergame.ro\/wp-content\/uploads\/2021\/03\/64750999_459569894819848_2812807303722434560_n.png","width":4096,"height":4096,"caption":"EnterGame Events"},"image":{"@id":"https:\/\/entergame.ro\/toboganegonflabile\/#\/schema\/logo\/image\/"}}]}},"uagb_featured_image_src":{"full":false,"thumbnail":false,"medium":false,"medium_large":false,"large":false,"1536x1536":false,"2048x2048":false},"uagb_author_info":{"display_name":"admin","author_link":"https:\/\/entergame.ro\/toboganegonflabile\/author\/admin\/"},"uagb_comment_info":0,"uagb_excerpt":"Contact Entergame Events \u00cempreun\u0103 cu echipa mea, suntem al\u0103turi de tine 0770813396 Sediul firmei: Jdioara nr.267 Criciova Facebook-f Instagram Youtube Completeaz\u0103 c\u00e2mpurile","_links":{"self":[{"href":"https:\/\/entergame.ro\/toboganegonflabile\/wp-json\/wp\/v2\/pages\/2129","targetHints":{"allow":["GET"]}}],"collection":[{"href":"https:\/\/entergame.ro\/toboganegonflabile\/wp-json\/wp\/v2\/pages"}],"about":[{"href":"https:\/\/entergame.ro\/toboganegonflabile\/wp-json\/wp\/v2\/types\/page"}],"author":[{"embeddable":true,"href":"https:\/\/entergame.ro\/toboganegonflabile\/wp-json\/wp\/v2\/users\/1"}],"replies":[{"embeddable":true,"href":"https:\/\/entergame.ro\/toboganegonflabile\/wp-json\/wp\/v2\/comments?post=2129"}],"version-history":[{"count":21,"href":"https:\/\/entergame.ro\/toboganegonflabile\/wp-json\/wp\/v2\/pages\/2129\/revisions"}],"predecessor-version":[{"id":2965,"href":"https:\/\/entergame.ro\/toboganegonflabile\/wp-json\/wp\/v2\/pages\/2129\/revisions\/2965"}],"wp:attachment":[{"href":"https:\/\/entergame.ro\/toboganegonflabile\/wp-json\/wp\/v2\/media?parent=2129"}],"curies":[{"name":"wp","href":"https:\/\/api.w.org\/{rel}","templated":true}]}}